{"id":574,"date":"2025-05-30T21:14:55","date_gmt":"2025-05-30T21:14:55","guid":{"rendered":"https:\/\/music.sankarans.space\/?page_id=574"},"modified":"2026-03-26T19:13:25","modified_gmt":"2026-03-26T19:13:25","slug":"shanthi-friends","status":"publish","type":"page","link":"https:\/\/music.sankarans.space\/?page_id=574","title":{"rendered":"Shanthi.musik"},"content":{"rendered":"\n<ul class=\"wp-block-social-links is-layout-flex wp-block-social-links-is-layout-flex\"><li class=\"wp-social-link wp-social-link-instagram  wp-block-social-link\"><a href=\"https:\/\/www.instagram.com\/shanthi.musik\/\" class=\"wp-block-social-link-anchor\"><svg width=\"24\" height=\"24\" viewBox=\"0 0 24 24\" version=\"1.1\" xmlns=\"http:\/\/www.w3.org\/2000\/svg\" aria-hidden=\"true\" focusable=\"false\"><path d=\"M12,4.622c2.403,0,2.688,0.009,3.637,0.052c0.877,0.04,1.354,0.187,1.671,0.31c0.42,0.163,0.72,0.358,1.035,0.673 c0.315,0.315,0.51,0.615,0.673,1.035c0.123,0.317,0.27,0.794,0.31,1.671c0.043,0.949,0.052,1.234,0.052,3.637 s-0.009,2.688-0.052,3.637c-0.04,0.877-0.187,1.354-0.31,1.671c-0.163,0.42-0.358,0.72-0.673,1.035 c-0.315,0.315-0.615,0.51-1.035,0.673c-0.317,0.123-0.794,0.27-1.671,0.31c-0.949,0.043-1.233,0.052-3.637,0.052 s-2.688-0.009-3.637-0.052c-0.877-0.04-1.354-0.187-1.671-0.31c-0.42-0.163-0.72-0.358-1.035-0.673 c-0.315-0.315-0.51-0.615-0.673-1.035c-0.123-0.317-0.27-0.794-0.31-1.671C4.631,14.688,4.622,14.403,4.622,12 s0.009-2.688,0.052-3.637c0.04-0.877,0.187-1.354,0.31-1.671c0.163-0.42,0.358-0.72,0.673-1.035 c0.315-0.315,0.615-0.51,1.035-0.673c0.317-0.123,0.794-0.27,1.671-0.31C9.312,4.631,9.597,4.622,12,4.622 M12,3 C9.556,3,9.249,3.01,8.289,3.054C7.331,3.098,6.677,3.25,6.105,3.472C5.513,3.702,5.011,4.01,4.511,4.511 c-0.5,0.5-0.808,1.002-1.038,1.594C3.25,6.677,3.098,7.331,3.054,8.289C3.01,9.249,3,9.556,3,12c0,2.444,0.01,2.751,0.054,3.711 c0.044,0.958,0.196,1.612,0.418,2.185c0.23,0.592,0.538,1.094,1.038,1.594c0.5,0.5,1.002,0.808,1.594,1.038 c0.572,0.222,1.227,0.375,2.185,0.418C9.249,20.99,9.556,21,12,21s2.751-0.01,3.711-0.054c0.958-0.044,1.612-0.196,2.185-0.418 c0.592-0.23,1.094-0.538,1.594-1.038c0.5-0.5,0.808-1.002,1.038-1.594c0.222-0.572,0.375-1.227,0.418-2.185 C20.99,14.751,21,14.444,21,12s-0.01-2.751-0.054-3.711c-0.044-0.958-0.196-1.612-0.418-2.185c-0.23-0.592-0.538-1.094-1.038-1.594 c-0.5-0.5-1.002-0.808-1.594-1.038c-0.572-0.222-1.227-0.375-2.185-0.418C14.751,3.01,14.444,3,12,3L12,3z M12,7.378 c-2.552,0-4.622,2.069-4.622,4.622S9.448,16.622,12,16.622s4.622-2.069,4.622-4.622S14.552,7.378,12,7.378z M12,15 c-1.657,0-3-1.343-3-3s1.343-3,3-3s3,1.343,3,3S13.657,15,12,15z M16.804,6.116c-0.596,0-1.08,0.484-1.08,1.08 s0.484,1.08,1.08,1.08c0.596,0,1.08-0.484,1.08-1.08S17.401,6.116,16.804,6.116z\"><\/path><\/svg><span class=\"wp-block-social-link-label screen-reader-text\">Instagram<\/span><\/a><\/li>\n\n<li class=\"wp-social-link wp-social-link-bandcamp  wp-block-social-link\"><a href=\"https:\/\/shanthi.bandcamp.com\/album\/shanthi\" class=\"wp-block-social-link-anchor\"><svg width=\"24\" height=\"24\" viewBox=\"0 0 24 24\" version=\"1.1\" xmlns=\"http:\/\/www.w3.org\/2000\/svg\" aria-hidden=\"true\" focusable=\"false\"><path d=\"M15.27 17.289 3 17.289 8.73 6.711 21 6.711 15.27 17.289\"><\/path><\/svg><span class=\"wp-block-social-link-label screen-reader-text\">Bandcamp<\/span><\/a><\/li>\n\n<li class=\"wp-social-link wp-social-link-youtube  wp-block-social-link\"><a href=\"https:\/\/youtube.com\/@shanthi-musik?si=O5Iy6cw67fMs3mdG\" class=\"wp-block-social-link-anchor\"><svg width=\"24\" height=\"24\" viewBox=\"0 0 24 24\" version=\"1.1\" xmlns=\"http:\/\/www.w3.org\/2000\/svg\" aria-hidden=\"true\" focusable=\"false\"><path d=\"M21.8,8.001c0,0-0.195-1.378-0.795-1.985c-0.76-0.797-1.613-0.801-2.004-0.847c-2.799-0.202-6.997-0.202-6.997-0.202 h-0.009c0,0-4.198,0-6.997,0.202C4.608,5.216,3.756,5.22,2.995,6.016C2.395,6.623,2.2,8.001,2.2,8.001S2,9.62,2,11.238v1.517 c0,1.618,0.2,3.237,0.2,3.237s0.195,1.378,0.795,1.985c0.761,0.797,1.76,0.771,2.205,0.855c1.6,0.153,6.8,0.201,6.8,0.201 s4.203-0.006,7.001-0.209c0.391-0.047,1.243-0.051,2.004-0.847c0.6-0.607,0.795-1.985,0.795-1.985s0.2-1.618,0.2-3.237v-1.517 C22,9.62,21.8,8.001,21.8,8.001z M9.935,14.594l-0.001-5.62l5.404,2.82L9.935,14.594z\"><\/path><\/svg><span class=\"wp-block-social-link-label screen-reader-text\">YouTube<\/span><\/a><\/li>\n\n<li class=\"wp-social-link wp-social-link-facebook  wp-block-social-link\"><a href=\"https:\/\/www.facebook.com\/61582671222429\/\" class=\"wp-block-social-link-anchor\"><svg width=\"24\" height=\"24\" viewBox=\"0 0 24 24\" version=\"1.1\" xmlns=\"http:\/\/www.w3.org\/2000\/svg\" aria-hidden=\"true\" focusable=\"false\"><path d=\"M12 2C6.5 2 2 6.5 2 12c0 5 3.7 9.1 8.4 9.9v-7H7.9V12h2.5V9.8c0-2.5 1.5-3.9 3.8-3.9 1.1 0 2.2.2 2.2.2v2.5h-1.3c-1.2 0-1.6.8-1.6 1.6V12h2.8l-.4 2.9h-2.3v7C18.3 21.1 22 17 22 12c0-5.5-4.5-10-10-10z\"><\/path><\/svg><span class=\"wp-block-social-link-label screen-reader-text\">Facebook<\/span><\/a><\/li>\n\n<li class=\"wp-social-link wp-social-link-mail  wp-block-social-link\"><a href=\"mailto:%20shanthi.musik\" class=\"wp-block-social-link-anchor\"><svg width=\"24\" height=\"24\" viewBox=\"0 0 24 24\" version=\"1.1\" xmlns=\"http:\/\/www.w3.org\/2000\/svg\" aria-hidden=\"true\" focusable=\"false\"><path d=\"M19,5H5c-1.1,0-2,.9-2,2v10c0,1.1.9,2,2,2h14c1.1,0,2-.9,2-2V7c0-1.1-.9-2-2-2zm.5,12c0,.3-.2.5-.5.5H5c-.3,0-.5-.2-.5-.5V9.8l7.5,5.6,7.5-5.6V17zm0-9.1L12,13.6,4.5,7.9V7c0-.3.2-.5.5-.5h14c.3,0,.5.2.5.5v.9z\"><\/path><\/svg><span class=\"wp-block-social-link-label screen-reader-text\">Mail<\/span><\/a><\/li><\/ul>\n\n\n\n<div class=\"wp-block-columns is-layout-flex wp-container-core-columns-is-layout-2 wp-block-columns-is-layout-flex\">\n<div class=\"wp-block-column is-layout-flow wp-block-column-is-layout-flow\">\n<div class=\"wp-block-columns is-style-fill is-layout-flex wp-container-core-columns-is-layout-1 wp-block-columns-is-layout-flex\">\n<div class=\"wp-block-column is-layout-flow wp-block-column-is-layout-flow\">\n<div class=\"wp-block-buttons is-content-justification-center is-layout-flex wp-container-core-buttons-is-layout-1 wp-block-buttons-is-layout-flex\">\n<div class=\"wp-block-button\"><a class=\"wp-block-button__link wp-element-button\" href=\"https:\/\/shanthi.bandcamp.com\/album\/shanthi\">Compact Disc (CD) + Digital Album<\/a><\/div>\n<\/div>\n<\/div>\n\n\n\n<div class=\"wp-block-column is-layout-flow wp-block-column-is-layout-flow\">\n<div class=\"wp-block-buttons is-content-justification-center is-layout-flex wp-container-core-buttons-is-layout-2 wp-block-buttons-is-layout-flex\">\n<div class=\"wp-block-button is-style-fill\"><a class=\"wp-block-button__link wp-element-button\" href=\"https:\/\/music.sankarans.space\/?page_id=799\" target=\"_blank\" rel=\"noreferrer noopener\">Stream our music online<\/a><\/div>\n<\/div>\n<\/div>\n<\/div>\n<\/div>\n<\/div>\n\n\n\n<div class=\"wp-block-columns is-layout-flex wp-container-core-columns-is-layout-3 wp-block-columns-is-layout-flex\">\n<div class=\"wp-block-column is-layout-flow wp-block-column-is-layout-flow\" style=\"flex-basis:66.66%\">\n<figure class=\"wp-block-embed is-type-video is-provider-youtube wp-block-embed-youtube wp-embed-aspect-16-9 wp-has-aspect-ratio\"><div class=\"wp-block-embed__wrapper\">\n<iframe loading=\"lazy\" title=\"DROPS | Shanthi Live Improvised Indian Raga \u00d7 Electronic Fusion (Studio Session)\" width=\"500\" height=\"281\" src=\"https:\/\/www.youtube.com\/embed\/2bMUwimMp4M?feature=oembed\" frameborder=\"0\" allow=\"accelerometer; autoplay; clipboard-write; encrypted-media; gyroscope; picture-in-picture; web-share\" referrerpolicy=\"strict-origin-when-cross-origin\" allowfullscreen><\/iframe>\n<\/div><figcaption class=\"wp-element-caption\">When Prashanthi met Georg Sehrbrock and Ludger Schmidt, longtime partners in culturally minded work and was excited about the possibilities of Raga Improv music meeting live electronic . From a five\u2011hour jam in an old factory in M\u00f6nchengladbach, Germany, Shanthi took shape. The group premiered at the Night of Religions and Cultures in Pauluskirche Dortmund.<br>With Shanthi, music becomes conversation. The three players fuel one another. The sound grows naturally. Tension holds, then eases as each finds relief. The notes sink into the mind.<br>This album was recorded live at the No-Watt Studio in M\u00f6nchenGladbach, in Germany over one weekend.<\/figcaption><\/figure>\n<\/div>\n\n\n\n<div class=\"wp-block-column is-layout-flow wp-block-column-is-layout-flow\" style=\"flex-basis:33.33%\">\n<iframe style=\"border: 0; width: 350px; height: 655px;\" src=\"https:\/\/bandcamp.com\/EmbeddedPlayer\/album=1189200783\/size=large\/bgcol=ffffff\/linkcol=0687f5\/package=3422720167\/transparent=true\/\" seamless><a href=\"https:\/\/shanthi.bandcamp.com\/album\/shanthi\">Shanthi by SHANTHI<\/a><\/iframe>\n<\/div>\n<\/div>\n\n\n\n<hr class=\"wp-block-separator has-alpha-channel-opacity\"\/>\n\n\n\n<div class=\"wp-block-columns is-layout-flex wp-container-core-columns-is-layout-4 wp-block-columns-is-layout-flex\">\n<div class=\"wp-block-column is-layout-flow wp-block-column-is-layout-flow\">\n<p>(DE) Besetzung: Prashanthi Sankaran \u2013 Indischer Gesang, Keyboards Georg Sehrbrock \u2013 Keyboards &amp; Synthesizer, Ludger Schmidt \u2013 Violoncello.<\/p>\n\n\n\n<p>Mit Shanthi wird Musik zur universellen Sprache des Dialogs und der Begegnung.<\/p>\n\n\n\n<p>Prashanthi Sankaran ist eine in S\u00fcdindien ausgebildete klassisch-indische S\u00e4ngerin und lebt seit 15 Jahren in Deutschland. F\u00fcr sie ist Musik eine interkulturelle Sprache, die Br\u00fccken baut ein solidarisches Miteinander im humanistischen Sinne f\u00f6rdert.<\/p>\n\n\n\n<p>Mit diesem kulturpolitischen Ansatz arbeiten Georg Sehrbrock und Ludger Schmidt bereits seit mehreren Jahren in vielf\u00e4ltigen Projekten zusammen. \u00dcber die NRW-Gro\u00dfformation fanden die beiden Musiker erstmals zusammen, und seitdem gestalten sie unterschiedlichste musikalische Kooperationen. Shanthi and Friends ist eine dieser Formationen, die bewusst die Nacht der Religionen und Kulturen als Premierenort gew\u00e4hlt hat.<\/p>\n\n\n\n<p>Kontakt f\u00fcr Buchungen<\/p>\n\n\n\n<p>Ludger Schmidt<\/p>\n\n\n\n<p>+49 177 8025553<\/p>\n\n\n\n<p>shanthi.musik@gmail.com<\/p>\n<\/div>\n\n\n\n<div class=\"wp-block-column is-layout-flow wp-block-column-is-layout-flow\">\n<p>(EN) Line-up: Prashanthi Sankaran &#8211; Indian vocals, keyboards Georg Sehrbrock &#8211; keyboards &amp; synthesizer, Ludger Schmidt &#8211; violoncello.<\/p>\n\n\n\n<p>With Shanthi, music becomes a universal language of dialog and encounter.<\/p>\n\n\n\n<p>Prashanthi Sankaran is a classical Indian singer who trained in South India and has lived in Germany for 15 years. For her, music is an intercultural language that builds bridges and promotes solidarity in a humanistic sense.<\/p>\n\n\n\n<p>Georg Sehrbrock and Ludger Schmidt have been working together for several years on a variety of projects with this cultural-political approach. The two musicians first came together through the NRW large-scale formation The Dorf, and since then they have been involved in a wide variety of musical collaborations. Shanthi and Friends is one of these formations that deliberately chose the Night of Religions and Cultures as its premiere venue.<\/p>\n\n\n\n<p>For bookings contact <\/p>\n\n\n\n<p>Ludger Schmidt<\/p>\n\n\n\n<p>+49 177 8025553<\/p>\n\n\n\n<p>shanthi.musik@gmail.com<\/p>\n<\/div>\n<\/div>\n\n\n\n<div class=\"wp-block-buttons is-content-justification-center is-layout-flex wp-container-core-buttons-is-layout-3 wp-block-buttons-is-layout-flex\">\n<div class=\"wp-block-button is-style-fill\"><a class=\"wp-block-button__link has-text-align-center wp-element-button\" href=\"https:\/\/www1.wdr.de\/mediathek\/audio\/wdr\/westart\/audio-shanti-and-friends-wie-aus-improvisation-neues-entsteht-100.html?\">WDR Radio Sendung<\/a><\/div>\n\n\n\n<div class=\"wp-block-button is-style-fill\"><a class=\"wp-block-button__link has-text-align-center wp-element-button\" href=\"https:\/\/www.nrwision.de\/mediathek\/mitschnitt-musik-trio-shanthi-260305\/\">Niers Radio NRWision<\/a><\/div>\n<\/div>\n\n\n\n<div style=\"position:relative;padding-top:74.21875%;\"> <iframe src=\"https:\/\/www.nrwision.de\/mediathek\/embed\/mitschnitt-musik-trio-shanthi-260305\/\" scrolling=\"no\" frameborder=\"0\" allowfullscreen style=\"position:absolute;top:0;left:0;width:100%;height:100%;\"><\/iframe> <\/div>\n\n\n\n<div class=\"wp-block-columns is-layout-flex wp-container-core-columns-is-layout-5 wp-block-columns-is-layout-flex\">\n<div class=\"wp-block-column is-layout-flow wp-block-column-is-layout-flow\">\n<script charset=\"utf-8\" src=\"https:\/\/widgetv3.bandsintown.com\/main.min.js\"><\/script>\n  <a class=\"bit-widget-initializer\"\n    \n\tdata-artist-name=\"id_15601569\"\n\t\n\tdata-events-to-display=\"\"\n\tdata-background-color=\"rgba(0,0,0,1)\"\n\tdata-separator-color=\"rgba(221,221,221,1)\"\n\tdata-text-color=\"rgba(209,4,89,1)\"\n\tdata-font=\"Helvetica\"\n\tdata-auto-style=\"true\"\n\t\n\tdata-button-label-capitalization=\"uppercase\"\n\tdata-header-capitalization=\"uppercase\"\n\tdata-location-capitalization=\"uppercase\"\n\tdata-venue-capitalization=\"uppercase\"\n\tdata-display-local-dates=\"true\"\n\tdata-local-dates-position=\"tab\"\n\tdata-display-past-dates=\"true\"\n\tdata-display-details=\"true\"\n\tdata-display-lineup=\"false\"\n\tdata-display-start-time=\"false\"\n\tdata-social-share-icon=\"false\"\n\tdata-display-limit=\"all\"\n\t\n\tdata-date-format=\"MMM. D, YYYY\"\n\tdata-date-orientation=\"horizontal\"\n\tdata-date-border-color=\"#4A4A4A\"\n\tdata-date-border-width=\"1px\"\n\tdata-date-capitalization=\"capitalize\"\n\tdata-date-border-radius=\"10px\"\n\t\n\tdata-event-ticket-cta-size=\"medium\"\n\tdata-event-custom-ticket-text=\"\"\n\tdata-event-ticket-text=\"TICKETS\"\n\tdata-event-ticket-icon=\"false\"\n\tdata-event-ticket-cta-text-color=\"rgba(255,255,255,1)\"\n\tdata-event-ticket-cta-bg-color=\"rgba(74,74,74,1)\"\n\tdata-event-ticket-cta-border-color=\"rgba(74,74,74,1)\"\n\tdata-event-ticket-cta-border-width=\"0px\"\n\tdata-event-ticket-cta-border-radius=\"2px\"\n\t\n\tdata-sold-out-button-text-color=\"rgba(255,255,255,1)\"\n\tdata-sold-out-button-background-color=\"rgba(74,74,74,1)\"\n\tdata-sold-out-button-border-color=\"rgba(74,74,74,1)\"\n\tdata-sold-out-button-clickable=\"true\"\n\t\n\tdata-event-rsvp-position=\"left\"\n\tdata-event-rsvp-cta-size=\"medium\"\n\tdata-event-rsvp-only-show-icon=\"false\"\n\tdata-event-rsvp-text=\"RSVP\"\n\tdata-event-rsvp-icon=\"false\"\n\tdata-event-rsvp-cta-text-color=\"rgba(74,74,74,1)\"\n\tdata-event-rsvp-cta-bg-color=\"rgba(255,255,255,1)\"\n\tdata-event-rsvp-cta-border-color=\"rgba(74,74,74,1)\"\n\tdata-event-rsvp-cta-border-width=\"1px\"\n\tdata-event-rsvp-cta-border-radius=\"2px\"\n\t\n\tdata-follow-section-position=\"top\"\n\tdata-follow-section-alignment=\"center\"\n\tdata-follow-section-header-text=\"Get updates on new shows, new music, and more\"\n\tdata-follow-section-cta-size=\"medium\"\n\tdata-follow-section-cta-text=\"FOLLOW\"\n\tdata-follow-section-cta-icon=\"false\"\n\tdata-follow-section-cta-text-color=\"rgba(255,255,255,1)\"\n\tdata-follow-section-cta-bg-color=\"rgba(74,74,74,1)\"\n\tdata-follow-section-cta-border-color=\"rgba(74,74,74,1)\"\n\tdata-follow-section-cta-border-width=\"0px\"\n\tdata-follow-section-cta-border-radius=\"2px\"\n\t\n\tdata-play-my-city-position=\"bottom\"\n\tdata-play-my-city-alignment=\"center\"\n\tdata-play-my-city-header-text=\"Don\u2019t see a show near you?\"\n\tdata-play-my-city-cta-size=\"medium\"\n\tdata-play-my-city-cta-text=\"REQUEST A SHOW\"\n\tdata-play-my-city-cta-icon=\"false\"\n\tdata-play-my-city-cta-text-color=\"rgba(255,255,255,1)\"\n\tdata-play-my-city-cta-bg-color=\"rgba(74,74,74,1)\"\n\tdata-play-my-city-cta-border-color=\"rgba(74,74,74,1)\"\n\tdata-play-my-city-cta-border-width=\"0px\"\n\tdata-play-my-city-cta-border-radius=\"2px\"\n\t\n\tdata-optin-font=\"\"\n\tdata-optin-text-color=\"\"\n\tdata-optin-bg-color=\"\"\n\tdata-optin-cta-text-color=\"\"\n\tdata-optin-cta-bg-color=\"\"\n\tdata-optin-cta-border-width=\"\"\n\tdata-optin-cta-border-radius=\"\"\n\tdata-optin-cta-border-color=\"\"\n\t\n\tdata-language=\"en\"\n\tdata-layout-breakpoint=\"900\"\n\tdata-app-id=\"539a0df4a8483c3b95b93b1aa4d6d6d1\"\n\tdata-affil-code=\"\"\n\tdata-bit-logo-position=\"bottomRight\"\n\tdata-bit-logo-color=\"rgba(209,4,89,1)\"\n\t\n    ><\/a>\n<\/div>\n\n\n\n<div class=\"wp-block-column is-layout-flow wp-block-column-is-layout-flow\">\n<div style=\"position: relative; width: 100%; height: 0; padding-top: 100.0000%; padding-bottom: 0; box-shadow: 0 2px 8px 0 rgba(63,69,81,0.16); margin-top: 1.6em; margin-bottom: 0.9em; overflow: hidden; border-radius: 8px; will-change: transform;\">  <iframe loading=\"lazy\" style=\"position: absolute; width: 100%; height: 100%; top: 0; left: 0; border: none; padding: 0;margin: 0;\"    src=\"https:\/\/www.canva.com\/design\/DAGqKj3GchA\/_XHW-kTpCN4vHkcsl8KdYQ\/watch?embed\" allowfullscreen=\"allowfullscreen\" allow=\"fullscreen\">  <\/iframe><\/div><a href=\"https:&#x2F;&#x2F;www.canva.com&#x2F;design&#x2F;DAGqKj3GchA&#x2F;_XHW-kTpCN4vHkcsl8KdYQ&#x2F;watch?utm_content=DAGqKj3GchA&amp;utm_campaign=designshare&amp;utm_medium=embeds&amp;utm_source=link\" target=\"_blank\" rel=\"noopener\">Shanthi Live<\/a> by Prashanthi Sankaran\n<\/div>\n<\/div>\n","protected":false},"excerpt":{"rendered":"<p>Shanthi by SHANTHI (DE) Besetzung: Prashanthi Sankaran \u2013 Indischer Gesang, Keyboards Georg Sehrbrock \u2013 Keyboards &amp; Synthesizer, Ludger Schmidt \u2013 Violoncello. Mit Shanthi wird Musik zur universellen Sprache des Dialogs und der Begegnung. Prashanthi Sankaran ist eine in S\u00fcdindien ausgebildete klassisch-indische S\u00e4ngerin und lebt seit 15 Jahren in Deutschland. F\u00fcr sie ist Musik eine interkulturelle [&hellip;]<\/p>\n","protected":false},"author":1,"featured_media":0,"parent":315,"menu_order":0,"comment_status":"closed","ping_status":"closed","template":"","meta":{"footnotes":""},"class_list":["post-574","page","type-page","status-publish","hentry"],"_links":{"self":[{"href":"https:\/\/music.sankarans.space\/index.php?rest_route=\/wp\/v2\/pages\/574"}],"collection":[{"href":"https:\/\/music.sankarans.space\/index.php?rest_route=\/wp\/v2\/pages"}],"about":[{"href":"https:\/\/music.sankarans.space\/index.php?rest_route=\/wp\/v2\/types\/page"}],"author":[{"embeddable":true,"href":"https:\/\/music.sankarans.space\/index.php?rest_route=\/wp\/v2\/users\/1"}],"replies":[{"embeddable":true,"href":"https:\/\/music.sankarans.space\/index.php?rest_route=%2Fwp%2Fv2%2Fcomments&post=574"}],"version-history":[{"count":138,"href":"https:\/\/music.sankarans.space\/index.php?rest_route=\/wp\/v2\/pages\/574\/revisions"}],"predecessor-version":[{"id":856,"href":"https:\/\/music.sankarans.space\/index.php?rest_route=\/wp\/v2\/pages\/574\/revisions\/856"}],"up":[{"embeddable":true,"href":"https:\/\/music.sankarans.space\/index.php?rest_route=\/wp\/v2\/pages\/315"}],"wp:attachment":[{"href":"https:\/\/music.sankarans.space\/index.php?rest_route=%2Fwp%2Fv2%2Fmedia&parent=574"}],"curies":[{"name":"wp","href":"https:\/\/api.w.org\/{rel}","templated":true}]}}